{"id":267,"date":"2017-06-21T08:08:52","date_gmt":"2017-06-21T08:08:52","guid":{"rendered":"http:\/\/dummy.xtemos.com\/woodmart\/?page_id=267"},"modified":"2022-12-20T21:04:52","modified_gmt":"2022-12-20T21:04:52","slug":"wishlist-oe","status":"publish","type":"page","link":"https:\/\/oroexpress.com.co\/es\/wishlist-oe","title":{"rendered":"Wishlist OE"},"content":{"rendered":"<div class=\"\" >\n\t\t\t\t\t\t<div class=\"wd-wishlist-content\">\n\t\t\t\t\t\t\t\t\t\t\t\n\t\t<p class=\"wd-empty-wishlist wd-empty-page\">\n\t\t\tThis wishlist is empty.\t\t<\/p>\n\n\t\t\t\t\t<div class=\"wd-empty-page-text\">\n\t\t\t\tA\u00fan no tienes ning\u00fan producto en la lista de deseos. <br> Encontrar\u00e1 muchos productos interesantes en nuestra p\u00e1gina \"Tienda\".\t\t\t<\/div>\n\t\t\n\t\t\n\t\t\t\t\t<p class=\"return-to-shop\">\n\t\t\t\t<a class=\"button\" href=\"https:\/\/oroexpress.com.co\/es\/shop\">\n\t\t\t\t\tReturn to shop\t\t\t\t<\/a>\n\t\t\t<\/p>\n\t\t\t\t\t\t\t\t\t\t\t<\/div>\n\t\t\t\t<\/div>","protected":false},"excerpt":{"rendered":"This wishlist is empty. A\u00fan no tienes ning\u00fan producto en la lista de deseos. Encontrar\u00e1 muchos productos interesantes en nuestra","protected":false},"author":7,"featured_media":0,"parent":0,"menu_order":0,"comment_status":"closed","ping_status":"closed","template":"","meta":{"content-type":"","footnotes":""},"class_list":["post-267","page","type-page","status-publish","hentry"],"_links":{"self":[{"href":"https:\/\/oroexpress.com.co\/es\/wp-json\/wp\/v2\/pages\/267","targetHints":{"allow":["GET"]}}],"collection":[{"href":"https:\/\/oroexpress.com.co\/es\/wp-json\/wp\/v2\/pages"}],"about":[{"href":"https:\/\/oroexpress.com.co\/es\/wp-json\/wp\/v2\/types\/page"}],"author":[{"embeddable":true,"href":"https:\/\/oroexpress.com.co\/es\/wp-json\/wp\/v2\/users\/7"}],"replies":[{"embeddable":true,"href":"https:\/\/oroexpress.com.co\/es\/wp-json\/wp\/v2\/comments?post=267"}],"version-history":[{"count":2,"href":"https:\/\/oroexpress.com.co\/es\/wp-json\/wp\/v2\/pages\/267\/revisions"}],"predecessor-version":[{"id":39903,"href":"https:\/\/oroexpress.com.co\/es\/wp-json\/wp\/v2\/pages\/267\/revisions\/39903"}],"wp:attachment":[{"href":"https:\/\/oroexpress.com.co\/es\/wp-json\/wp\/v2\/media?parent=267"}],"curies":[{"name":"wp","href":"https:\/\/api.w.org\/{rel}","templated":true}]}}