{"id":52361,"date":"2023-10-03T13:57:11","date_gmt":"2023-10-03T13:57:11","guid":{"rendered":"https:\/\/oroexpress.com.co?page_id=52361"},"modified":"2023-10-03T14:02:02","modified_gmt":"2023-10-03T14:02:02","slug":"pruebas","status":"publish","type":"page","link":"https:\/\/oroexpress.com.co\/es\/pruebas","title":{"rendered":"El oro mantiene su valor a lo largo de los a\u00f1os"},"content":{"rendered":"<div class=\"wpb-content-wrapper\"><div class=\"vc_row wpb_row vc_row-fluid\"><div class=\"wpb_column vc_column_container vc_col-sm-6\"><div class=\"vc_column-inner\"><div class=\"wpb_wrapper\">\n\t<div class=\"wpb_text_column wpb_content_element\" >\n\t\t<div class=\"wpb_wrapper\">\n\t\t\t<div id=\"wd-63a20eb960a4b\" class=\"wd-text-block wd-wpb reset-last-child wd-rs-63a20eb960a4b text-left vc_custom_1671564990052\">\n<p>Las joyas de oro\u00a0pueden hacer que la persona que las usa se sienta mejor y sea m\u00e1s saludable.<\/p>\n<\/div>\n<div id=\"wd-63a20e5017e62\" class=\"wd-text-block wd-wpb reset-last-child wd-rs-63a20e5017e62 text-left vc_custom_1671564885309\">\n<p>El uso de joyas hermosas y bien dise\u00f1adas de oro y piedras preciosas agrega belleza a nuestro mundo. La joyer\u00eda de oro a\u00f1ade dramatismo y brillo a cualquier atuendo.<\/p>\n<\/div>\n\n\t\t<\/div>\n\t<\/div>\n<\/div><\/div><\/div><div class=\"wpb_column vc_column_container vc_col-sm-6\"><div class=\"vc_column-inner\"><div class=\"wpb_wrapper\">\n\t<div  class=\"wpb_single_image wpb_content_element vc_align_left\">\n\t\t\n\t\t<figure class=\"wpb_wrapper vc_figure\">\n\t\t\t<div class=\"vc_single_image-wrapper   vc_box_border_grey\"><img loading=\"lazy\" decoding=\"async\" width=\"533\" height=\"800\" src=\"https:\/\/oroexpress.com.co\/wp-content\/uploads\/2023\/09\/Banner_para-toda-la-vida_480-x-720-px_Mesa-de-trabajo-1-copia-533x800.png\" class=\"vc_single_image-img attachment-large\" alt=\"\" title=\"Banner_para toda la vida_480 x 720 px_Mesa de trabajo 1 copia\" srcset=\"https:\/\/oroexpress.com.co\/wp-content\/uploads\/2023\/09\/Banner_para-toda-la-vida_480-x-720-px_Mesa-de-trabajo-1-copia-533x800.png 533w, https:\/\/oroexpress.com.co\/wp-content\/uploads\/2023\/09\/Banner_para-toda-la-vida_480-x-720-px_Mesa-de-trabajo-1-copia-200x300.png 200w, https:\/\/oroexpress.com.co\/wp-content\/uploads\/2023\/09\/Banner_para-toda-la-vida_480-x-720-px_Mesa-de-trabajo-1-copia-768x1152.png 768w, https:\/\/oroexpress.com.co\/wp-content\/uploads\/2023\/09\/Banner_para-toda-la-vida_480-x-720-px_Mesa-de-trabajo-1-copia-1024x1536.png 1024w, https:\/\/oroexpress.com.co\/wp-content\/uploads\/2023\/09\/Banner_para-toda-la-vida_480-x-720-px_Mesa-de-trabajo-1-copia-1365x2048.png 1365w, https:\/\/oroexpress.com.co\/wp-content\/uploads\/2023\/09\/Banner_para-toda-la-vida_480-x-720-px_Mesa-de-trabajo-1-copia-8x12.png 8w, https:\/\/oroexpress.com.co\/wp-content\/uploads\/2023\/09\/Banner_para-toda-la-vida_480-x-720-px_Mesa-de-trabajo-1-copia-1080x1620.png 1080w, https:\/\/oroexpress.com.co\/wp-content\/uploads\/2023\/09\/Banner_para-toda-la-vida_480-x-720-px_Mesa-de-trabajo-1-copia-150x225.png 150w, https:\/\/oroexpress.com.co\/wp-content\/uploads\/2023\/09\/Banner_para-toda-la-vida_480-x-720-px_Mesa-de-trabajo-1-copia.png 2000w\" sizes=\"auto, (max-width: 533px) 100vw, 533px\" \/><\/div>\n\t\t<\/figure>\n\t<\/div>\n<\/div><\/div><\/div><\/div>\n<\/div>","protected":false},"excerpt":{"rendered":"Las joyas de oro\u00a0pueden hacer que la persona que las usa se sienta mejor y sea m\u00e1s saludable. El uso","protected":false},"author":10,"featured_media":0,"parent":0,"menu_order":0,"comment_status":"closed","ping_status":"closed","template":"","meta":{"content-type":"","footnotes":""},"class_list":["post-52361","page","type-page","status-publish","hentry"],"_links":{"self":[{"href":"https:\/\/oroexpress.com.co\/es\/wp-json\/wp\/v2\/pages\/52361","targetHints":{"allow":["GET"]}}],"collection":[{"href":"https:\/\/oroexpress.com.co\/es\/wp-json\/wp\/v2\/pages"}],"about":[{"href":"https:\/\/oroexpress.com.co\/es\/wp-json\/wp\/v2\/types\/page"}],"author":[{"embeddable":true,"href":"https:\/\/oroexpress.com.co\/es\/wp-json\/wp\/v2\/users\/10"}],"replies":[{"embeddable":true,"href":"https:\/\/oroexpress.com.co\/es\/wp-json\/wp\/v2\/comments?post=52361"}],"version-history":[{"count":6,"href":"https:\/\/oroexpress.com.co\/es\/wp-json\/wp\/v2\/pages\/52361\/revisions"}],"predecessor-version":[{"id":52375,"href":"https:\/\/oroexpress.com.co\/es\/wp-json\/wp\/v2\/pages\/52361\/revisions\/52375"}],"wp:attachment":[{"href":"https:\/\/oroexpress.com.co\/es\/wp-json\/wp\/v2\/media?parent=52361"}],"curies":[{"name":"wp","href":"https:\/\/api.w.org\/{rel}","templated":true}]}}