{"id":68152,"date":"2026-03-11T23:09:41","date_gmt":"2026-03-12T04:09:41","guid":{"rendered":"https:\/\/oroexpress.com.co\/all-listings-2"},"modified":"2026-03-11T23:09:41","modified_gmt":"2026-03-12T04:09:41","slug":"all-listings-2","status":"publish","type":"page","link":"https:\/\/oroexpress.com.co\/es\/all-listings-2","title":{"rendered":"All Listings"},"content":{"rendered":"<!-- wrap everything for our isolated bootstrap -->\r\n<div class=\"bootstrap-wrapper\">\r\n\t<!-- archieve page own design font and others -->\r\n\t<section class=\"py-5\">\r\n\t\t<div class=\"container-fluid\"  >\r\n\t\t\t<!-- Search Form -->\r\n\t\t\t<div class=\"display-none\"  tabindex=\"-1\" >\t.\r\n\t\t\t\t<div class=\"\" id=\"listingfilter\">\r\n\t\t\t\t\t<div class=\"bootstrap-wrapper\" >\r\n\t<div class=\"modal-header mb-3\">\r\n\t\t<h5 class=\"modal-title\">Filters<\/h5>\r\n\t\t<button type=\"button\" class=\"close\" onclick='listinghub_contact_close(); return false;'>\r\n\t\t\t<span aria-hidden=\"true\">&times;<\/span>\r\n\t\t<\/button>\r\n\t<\/div>\t\t\t\t\r\n\t<form class=\"p-2 mt-2\" id=\"listinghub_search_form\" name=\"listinghub_search_form\" action=\"https:\/\/oroexpress.com.co\/es\/wp-json\/wp\/v2\" data-trp-original-action=\"https:\/\/oroexpress.com.co\/es\/wp-json\/wp\/v2\" >\t\t\t\t\t\t\r\n\t\t<div class=\"form-row\" >\r\n\t\t\t<input type=\"hidden\" name=\"latitude\" id=\"latitude\" value=\"\">\r\n\t\t\t<input type=\"hidden\" name=\"longitude\" id=\"longitude\" value=\"\">\r\n\t\t\t\t\t\t\t\t\t\t\t\t\t\t\r\n\t\t\t\t\t\t\t\t<div class=\"form-group col-md-6 my-0  p-2 py-0\" >\r\n\t\t\t\t\t\t\t\t\t<div class=\"input-group  mt-2\">\t\r\n\t\t\t\t\t\t\t\t\t\t<label class=\"customcheck mr-2\">\r\n\t\t\t\t\t\t\t\t\t\t\t<input type=\"checkbox\" value=\"on\"  name=\"neartome\" id=\"neartome\" onclick=\"listinghub_getLocation()\"    >\r\n\t\t\t\t\t\t\t\t\t\t\t<span class=\"checkmark\"><\/span>\r\n\t\t\t\t\t\t\t\t\t\t\tNear\t\t\t\t\t\t\t\t\t\t<\/label>\t\r\n\t\t\t\t\t\t\t\t\t\t<input id=\"near_km\" name=\"near_km\" class=\"col-md-8  ml-2\"  data-slider-id='ex1Slider' type=\"text\" data-slider-min=\"0\" data-slider-max=\"1000\" data-slider-step=\"1\" data-slider-value=\"14\"  \/>\t\r\n\t\t\t\t\t\t\t\t\t<\/div> \r\n\t\t\t\t\t\t\t\t<\/div>\t\t\t\t\t\t\t\t\t\t\t\t\t\r\n\t\t\t\t\t\t\t\t\t\t\t\t\t\t\t\t<div class=\"form-group col-md-6 my-0 py-0  p-2\" >\r\n\t\t\t\t\t\t\t\t\t<select name=\"sflisting-locations[]\" id=\"listing-locationsid\" class=\"form-control form-control-sm 40\" multiple=\"multiple\" >\t\t\t\t\t\t\t\t\t\t\t\t\t\t\t\r\n\t\t\t\t\t\t\t\t\t\t<option  value=\"boyaca\" >Boyac\u00e1<\/option>\t\t\t\t\t\t\t\t\t\t\t<option  value=\"envigado\" >Envigado<\/option>\t\t\t\t\t\t\t\t\t\t\t<option  value=\"la-ceja\" >La Ceja<\/option>\t\t\t\t\t\t\t\t\t\t\t<option  value=\"medellin\" >Medell\u00edn<\/option>\t\t\t\t\t\t\t\t\t\t\t<option  value=\"sabaneta\" >Sabaneta<\/option>\t\t\t\t\t\t\t\t\t\t\t\t\t\t\t\t\t\t\t\t<\/select>\r\n\t\t\t\t\t\t\t\t<\/div>\r\n\t\t\t\t\t\t\t\t\t\t<\/div>\r\n\t\t<div class=\"modal-footer mt-3\">\t\t\t\t\t\t\t \r\n\t\t\t<a id=\"reset\"  class=\"btn btn-sm btn-block text-left  col-md-8\"><i class=\"fa fa-refresh p-2\" aria-hidden=\"true\"><\/i>Reset<\/a>\r\n\t\t\t<button type=\"submit\" class=\"pull-right col-md-4 btn btn-big\"> Buscar <\/button>\r\n\t\t<\/div>\r\n\t<input type=\"hidden\" name=\"trp-form-language\" value=\"es\"\/><\/form>\r\n<\/div>\r\n\t\t\t\t<\/div>\r\n\t\t\t<\/div>\r\n\t\t\t<!-- end of search form -->\r\n\t\t\t\r\n\t\t\t<div class=\"row\" id=\"full_grid\"> \r\n\t\t\t\t<img decoding=\"async\" class=\"col-md-12\" src=\"https:\/\/oroexpress.com.co\/wp-content\/plugins\/listinghub\/assets\/images\/astra.png\">\r\n\t\t\t\t\t<div class=\"col-md-12 col-lg-12 col-xl-12 col-sm-12\" >\t\r\n\t\t\t\t\t\t\t\t\t\t\t<\/div>\t\r\n\t\t\t\t<div class=\"col-md-6 col-lg-6 col-xl-6 col-sm-12  archivescroll\" id=\"dirpro_directories\" >\t\r\n\t\t\t\t\r\n\t\t\t\t\r\n\t\t\t\t\t<div class=\"row mt-3 mb-2\">\t\r\n\t\t\t\t\t\t<div class=\"col-xl-3 col-lg-3 col-md-3  col-sm-6 col-6\">\r\n\t\t\t\t\t\t\t<div class=\"pull-left clearfix  text-small\">\r\n\t\t\t\t\t\t\t\t6 Results\t\t\t\t\t\t\t<\/div>\r\n\t\t\t\t\t\t<\/div>\r\n\t\t\t\t\t\t<div class=\"col-xl-9 col-lg-9 col-md-9  col-sm-6 col-6\">\t\t\t\t\t\t\t\r\n\t\t\t\t\t\t\t<div class=\"listing-top-layout\">\r\n\t\t\t\t\t\t\t\t\t\t\t\t\t\t\t\t\t\t\t\t\t\r\n\t\t\t\t\t\t\t\t\t\t<button type=\"button\" class=\"btn btn-big mb-2\"  onclick=\"listinghub_call_filter()\">\r\n\t\t\t\t\t\t\t\t\t\t\t<i class=\"fa-solid fa-magnifying-glass mr-1\"><\/i>Filters\t\t\t\t\t\t\t\t\t\t\t\t\t\t\t\t\t\t\t\t\t<\/button>\t\t\t\t\t\t\t\t\t\t\t\r\n\t\t\t\t\t\t\t\t\t\r\n\t\t\t\t\t\t\t\t\t\t\t\t\t\t\t\t\t<ul class=\"mr-3\">\r\n\t\t\t\t\t\t\t\t\t<li class=\"topicon-border hide-on-mobile\"><a class=\"active lx-grid-one grid-one\" href=\"#\" data-placement=\"top\" data-toggle=\"tooltip\"  title=\"Map Large\"><i class=\"fa-solid fa-grip-vertical\" aria-hidden=\"true\"><\/i><\/a><\/li>\r\n\t\t\t\t\t\t\t\t\t<li class=\"topicon-border hide-on-mobile\"><a class=\"lx-grid-two grid-two\" href=\"#\" data-placement=\"top\" data-toggle=\"tooltip\"  title=\"Map Half\" >\r\n\t\t\t\t\t\t\t\t\t\t<i class=\"fa-solid fa-grip\" aria-hidden=\"true\"><\/i>\r\n\t\t\t\t\t\t\t\t\t<\/a><\/li>\r\n\t\t\t\t\t\t\t\t\t<li class=\"topicon-border hide-on-mobile\"><a class=\"lx-grid-three grid-three\" href=\"#\" data-placement=\"top\" data-toggle=\"tooltip\"  title=\"Full Page\"><i class=\"fas fa-expand-arrows-alt\" aria-hidden=\"true\"><\/i><\/a><\/li>\r\n\t\t\t\t\t\t\t\t\t\t\t\t\t\t\t\t\t<\/ul>\r\n\t\t\t\t\t\t\t<\/div>\r\n\t\t\t\t\t\t\r\n\t\t\t\t\t\t\r\n\t\t\t\t\t\t<\/div>\r\n\t\t\t\t\t<\/div>\t\r\n\t\t\t\t\t<div class=\"clearfix\"><\/div>\r\n\t\t\t\t\t<div class=\"row justify-content-center\" >\r\n\t\t\t\t\t\t\t\r\n\t\t\t\t\t\t\t<div class=\"col-xl-4 col-lg-4 col-md-6  col-sm-12 col-12  mt-4 mb-4 listingdata-col\" id=\"0\" >\r\n\t\t<div class=\"card-border-round mb-2 bg-white\" >\t\t\t\t\t\t\t\t\t\t\t\r\n\t\t\t\t\t\t\t<div class=\"card-img-container\">\r\n\t\t\t\t\t<a href=\"https:\/\/oroexpress.com.co\/es\/archivos\/listing\/oroexpress-compraventa-y-joyeria-2\"><img decoding=\"async\" src=\"https:\/\/oroexpress.com.co\/wp-content\/plugins\/listinghub\/\/assets\/images\/default-directory.jpg\" class=\"card-img-top-listing\">\t\t\t\t\t\r\n\t\t\t\t\t\t<\/a>\r\n\t\t\t\t\t\t\t\t\t\t\t\t\t\t\t<\/div>\t\r\n\t\t\t\t\t\t\t<div class=\"card-body  card-body-min-height mt-1\">\r\n\t\t\t\t\r\n\t\t\t\t\t\t\t\t\t\t\t\t<p class=\"p-0\">\r\n\t\t\t\t\t\t\t\t\t<a href=\"https:\/\/oroexpress.com.co\/es\/archivos\/listing\/oroexpress-compraventa-y-joyeria-2\" class=\"title m-0 p-0\">\r\n\t\t\t\t\t\t\t\t\t\tOroexpress Compraventa y Joyer\u00eda\t\t\t\t\t\t\t\t\t<\/a>\r\n\t\t\t\t\t\t\t\t<\/p>\t\t\t\t\t\t\t\t\t\t\t\t\t\r\n\t\t\t\t\t\t\t\t\t\t\t\t\t\t\t\t\t<p class=\"address\">\r\n\t\t\t\t\t\t\t\t\t\t<i class=\"\"><\/i> La Ceja\t\t\t\t\t\t\t\t\t<\/p>\t\r\n\t\t\t\t\t\t\t\t\t\t\t\t\t\t\t\t\t\t<p class=\"address\">\r\n\t\t\t\t\t\t\t\t\t\t<i class=\"\"><\/i>CALLE 19 # 20 - 25 PARQUE PRINCIPAL\t\t\t\t\t\t\t\t\t<\/p>\r\n\t\t\t\t\t\t\t\t\t\t\t\t\t\t\t\t\t<p class=\"client-contact\">\t\t\t\t\t\t\t\t\t\r\n\t\t\t\t\t\t\t\t\t<\/p>\r\n\t\t\t<\/div>\r\n\t\t\t\t\t\r\n\t\t<\/div>\r\n\t<\/div>\r\n\t\t\r\n\t\t\t\t\t\t\t\t\r\n\t\t\t\t\t\t\t<div class=\"col-xl-4 col-lg-4 col-md-6  col-sm-12 col-12  mt-4 mb-4 listingdata-col\" id=\"1\" >\r\n\t\t<div class=\"card-border-round mb-2 bg-white\" >\t\t\t\t\t\t\t\t\t\t\t\r\n\t\t\t\t\t\t\t<div class=\"card-img-container\">\r\n\t\t\t\t\t<a href=\"https:\/\/oroexpress.com.co\/es\/archivos\/listing\/oroexpress-compraventa-y-joyeria-3\"><img decoding=\"async\" src=\"https:\/\/oroexpress.com.co\/wp-content\/plugins\/listinghub\/\/assets\/images\/default-directory.jpg\" class=\"card-img-top-listing\">\t\t\t\t\t\r\n\t\t\t\t\t\t<\/a>\r\n\t\t\t\t\t\t\t\t\t\t\t\t\t\t\t<\/div>\t\r\n\t\t\t\t\t\t\t<div class=\"card-body  card-body-min-height mt-1\">\r\n\t\t\t\t\r\n\t\t\t\t\t\t\t\t\t\t\t\t<p class=\"p-0\">\r\n\t\t\t\t\t\t\t\t\t<a href=\"https:\/\/oroexpress.com.co\/es\/archivos\/listing\/oroexpress-compraventa-y-joyeria-3\" class=\"title m-0 p-0\">\r\n\t\t\t\t\t\t\t\t\t\tOroexpress Compraventa y Joyer\u00eda\t\t\t\t\t\t\t\t\t<\/a>\r\n\t\t\t\t\t\t\t\t<\/p>\t\t\t\t\t\t\t\t\t\t\t\t\t\r\n\t\t\t\t\t\t\t\t\t\t\t\t\t\t\t\t\t<p class=\"address\">\r\n\t\t\t\t\t\t\t\t\t\t<i class=\"\"><\/i> Medell\u00edn\t\t\t\t\t\t\t\t\t<\/p>\t\r\n\t\t\t\t\t\t\t\t\t\t\t\t\t\t\t\t\t\t<p class=\"address\">\r\n\t\t\t\t\t\t\t\t\t\t<i class=\"\"><\/i>Cl. 30 #75 - 56, Medell\u00edn, Bel\u00e9n, Medell\u00edn, Antioquia\t\t\t\t\t\t\t\t\t<\/p>\r\n\t\t\t\t\t\t\t\t\t\t\t\t\t\t\t\t\t<p class=\"client-contact\">\t\t\t\t\t\t\t\t\t\r\n\t\t\t\t\t\t\t\t\t<\/p>\r\n\t\t\t<\/div>\r\n\t\t\t\t\t\r\n\t\t<\/div>\r\n\t<\/div>\r\n\t\t\r\n\t\t\t\t\t\t\t\t\r\n\t\t\t\t\t\t\t<div class=\"col-xl-4 col-lg-4 col-md-6  col-sm-12 col-12  mt-4 mb-4 listingdata-col\" id=\"2\" >\r\n\t\t<div class=\"card-border-round mb-2 bg-white\" >\t\t\t\t\t\t\t\t\t\t\t\r\n\t\t\t\t\t\t\t<div class=\"card-img-container\">\r\n\t\t\t\t\t<a href=\"https:\/\/oroexpress.com.co\/es\/archivos\/listing\/oroexpress-compraventa-y-joyeria-471\"><img decoding=\"async\" src=\"https:\/\/oroexpress.com.co\/wp-content\/uploads\/2025\/11\/oroexpress-1-1067x800.jpeg\" class=\"card-img-top-listing\">\t\t\t\t\t\r\n\t\t\t\t\t\t<\/a>\r\n\t\t\t\t\t\t\t\t\t\t\t\t\t\t\t<\/div>\t\r\n\t\t\t\t\t\t\t<div class=\"card-body  card-body-min-height mt-1\">\r\n\t\t\t\t\r\n\t\t\t\t\t\t\t\t\t\t\t\t<p class=\"p-0\">\r\n\t\t\t\t\t\t\t\t\t<a href=\"https:\/\/oroexpress.com.co\/es\/archivos\/listing\/oroexpress-compraventa-y-joyeria-471\" class=\"title m-0 p-0\">\r\n\t\t\t\t\t\t\t\t\t\tOroexpress Compraventa y Joyer\u00eda\t\t\t\t\t\t\t\t\t<\/a>\r\n\t\t\t\t\t\t\t\t<\/p>\t\t\t\t\t\t\t\t\t\t\t\t\t\r\n\t\t\t\t\t\t\t\t\t\t\t\t\t\t\t\t\t<p class=\"address\">\r\n\t\t\t\t\t\t\t\t\t\t<i class=\"\"><\/i> Sabaneta\t\t\t\t\t\t\t\t\t<\/p>\t\r\n\t\t\t\t\t\t\t\t\t\t\t\t\t\t\t\t\t\t<p class=\"address\">\r\n\t\t\t\t\t\t\t\t\t\t<i class=\"\"><\/i>Cra. 43C #68 Sur 32, Sabaneta, Antioquia\t\t\t\t\t\t\t\t\t<\/p>\r\n\t\t\t\t\t\t\t\t\t\t\t\t\t\t\t\t\t<p class=\"client-contact\">\t\t\t\t\t\t\t\t\t\r\n\t\t\t\t\t\t\t\t\t<\/p>\r\n\t\t\t<\/div>\r\n\t\t\t\t\t\r\n\t\t<\/div>\r\n\t<\/div>\r\n\t\t\r\n\t\t\t\t\t\t\t\t\r\n\t\t\t\t\t\t\t<div class=\"col-xl-4 col-lg-4 col-md-6  col-sm-12 col-12  mt-4 mb-4 listingdata-col\" id=\"3\" >\r\n\t\t<div class=\"card-border-round mb-2 bg-white\" >\t\t\t\t\t\t\t\t\t\t\t\r\n\t\t\t\t\t\t\t<div class=\"card-img-container\">\r\n\t\t\t\t\t<a href=\"https:\/\/oroexpress.com.co\/es\/archivos\/listing\/oroexpress-compraventa-y-joyeria\"><img decoding=\"async\" src=\"https:\/\/oroexpress.com.co\/wp-content\/uploads\/2025\/11\/Compraventa_Oroexpress-envigado_2-1067x800.jpeg\" class=\"card-img-top-listing\">\t\t\t\t\t\r\n\t\t\t\t\t\t<\/a>\r\n\t\t\t\t\t\t\t\t\t\t\t\t\t\t\t<\/div>\t\r\n\t\t\t\t\t\t\t<div class=\"card-body  card-body-min-height mt-1\">\r\n\t\t\t\t\r\n\t\t\t\t\t\t\t\t\t\t\t\t<p class=\"p-0\">\r\n\t\t\t\t\t\t\t\t\t<a href=\"https:\/\/oroexpress.com.co\/es\/archivos\/listing\/oroexpress-compraventa-y-joyeria\" class=\"title m-0 p-0\">\r\n\t\t\t\t\t\t\t\t\t\tOroexpress Compraventa y Joyer\u00eda\t\t\t\t\t\t\t\t\t<\/a>\r\n\t\t\t\t\t\t\t\t<\/p>\t\t\t\t\t\t\t\t\t\t\t\t\t\r\n\t\t\t\t\t\t\t\t\t\t\t\t\t\t\t\t\t<p class=\"address\">\r\n\t\t\t\t\t\t\t\t\t\t<i class=\"\"><\/i> Envigado\t\t\t\t\t\t\t\t\t<\/p>\t\r\n\t\t\t\t\t\t\t\t\t\t\t\t\t\t\t\t\t\t<p class=\"address\">\r\n\t\t\t\t\t\t\t\t\t\t<i class=\"\"><\/i>Cl. 36 Sur #43 - 40, Zona 9, Envigado, Antioquia\t\t\t\t\t\t\t\t\t<\/p>\r\n\t\t\t\t\t\t\t\t\t\t\t\t\t\t\t\t\t<p class=\"client-contact\">\t\t\t\t\t\t\t\t\t\r\n\t\t\t\t\t\t\t\t\t<\/p>\r\n\t\t\t<\/div>\r\n\t\t\t\t\t\r\n\t\t<\/div>\r\n\t<\/div>\r\n\t\t\r\n\t\t\t\t\t\t\t\t\r\n\t\t\t\t\t\t\t<div class=\"col-xl-4 col-lg-4 col-md-6  col-sm-12 col-12  mt-4 mb-4 listingdata-col\" id=\"4\" >\r\n\t\t<div class=\"card-border-round mb-2 bg-white\" >\t\t\t\t\t\t\t\t\t\t\t\r\n\t\t\t\t\t\t\t<div class=\"card-img-container\">\r\n\t\t\t\t\t<a href=\"https:\/\/oroexpress.com.co\/es\/archivos\/listing\/compraventa-y-joyeria-oroexpress1\"><img decoding=\"async\" src=\"https:\/\/oroexpress.com.co\/wp-content\/plugins\/listinghub\/\/assets\/images\/default-directory.jpg\" class=\"card-img-top-listing\">\t\t\t\t\t\r\n\t\t\t\t\t\t<\/a>\r\n\t\t\t\t\t\t\t\t\t\t\t\t\t\t\t<\/div>\t\r\n\t\t\t\t\t\t\t<div class=\"card-body  card-body-min-height mt-1\">\r\n\t\t\t\t\r\n\t\t\t\t\t\t\t\t\t\t\t\t<p class=\"p-0\">\r\n\t\t\t\t\t\t\t\t\t<a href=\"https:\/\/oroexpress.com.co\/es\/archivos\/listing\/compraventa-y-joyeria-oroexpress1\" class=\"title m-0 p-0\">\r\n\t\t\t\t\t\t\t\t\t\tCompraventa y Joyer\u00eda OROEXPRESS\t\t\t\t\t\t\t\t\t<\/a>\r\n\t\t\t\t\t\t\t\t<\/p>\t\t\t\t\t\t\t\t\t\t\t\t\t\r\n\t\t\t\t\t\t\t\t\t\t\t\t\t\t\t\t\t<p class=\"address\">\r\n\t\t\t\t\t\t\t\t\t\t<i class=\"\"><\/i> Medell\u00edn\t\t\t\t\t\t\t\t\t<\/p>\t\r\n\t\t\t\t\t\t\t\t\t\t\t\t\t\t\t\t\t\t<p class=\"address\">\r\n\t\t\t\t\t\t\t\t\t\t<i class=\"\"><\/i>Cra. 45 #509, La Candelaria, Medell\u00edn, La Candelaria, Medell\u00edn, Antioquia\t\t\t\t\t\t\t\t\t<\/p>\r\n\t\t\t\t\t\t\t\t\t\t\t\t\t\t\t\t\t<p class=\"client-contact\">\t\t\t\t\t\t\t\t\t\r\n\t\t\t\t\t\t\t\t\t<\/p>\r\n\t\t\t<\/div>\r\n\t\t\t\t\t\r\n\t\t<\/div>\r\n\t<\/div>\r\n\t\t\r\n\t\t\t\t\t\t\t\t\r\n\t\t\t\t\t\t\t<div class=\"col-xl-4 col-lg-4 col-md-6  col-sm-12 col-12  mt-4 mb-4 listingdata-col\" id=\"5\" >\r\n\t\t<div class=\"card-border-round mb-2 bg-white\" >\t\t\t\t\t\t\t\t\t\t\t\r\n\t\t\t\t\t\t\t<div class=\"card-img-container\">\r\n\t\t\t\t\t<a href=\"https:\/\/oroexpress.com.co\/es\/archivos\/listing\/favorita-duitama\"><img decoding=\"async\" src=\"https:\/\/oroexpress.com.co\/wp-content\/uploads\/2025\/09\/2024-12-28-1-1067x800.webp\" class=\"card-img-top-listing\">\t\t\t\t\t\r\n\t\t\t\t\t\t<\/a>\r\n\t\t\t\t\t\t\t\t\t\t\t\t\t\t\t<\/div>\t\r\n\t\t\t\t\t\t\t<div class=\"card-body  card-body-min-height mt-1\">\r\n\t\t\t\t\r\n\t\t\t\t\t\t\t\t\t\t\t\t<p class=\"p-0\">\r\n\t\t\t\t\t\t\t\t\t<a href=\"https:\/\/oroexpress.com.co\/es\/archivos\/listing\/favorita-duitama\" class=\"title m-0 p-0\">\r\n\t\t\t\t\t\t\t\t\t\tFAVORITA -DUITAMA\t\t\t\t\t\t\t\t\t<\/a>\r\n\t\t\t\t\t\t\t\t<\/p>\t\t\t\t\t\t\t\t\t\t\t\t\t\r\n\t\t\t\t\t\t\t\t\t\t\t\t\t\t\t\t\t<p class=\"address\">\r\n\t\t\t\t\t\t\t\t\t\t<i class=\"\"><\/i> Boyac\u00e1\t\t\t\t\t\t\t\t\t<\/p>\t\r\n\t\t\t\t\t\t\t\t\t\t\t\t\t\t\t\t\t\t<p class=\"address\">\r\n\t\t\t\t\t\t\t\t\t\t<i class=\"\"><\/i>CALLE 15 # 16 - 60\t\t\t\t\t\t\t\t\t<\/p>\r\n\t\t\t\t\t\t\t\t\t\t\t\t\t\t\t\t\t<p class=\"client-contact\">\t\t\t\t\t\t\t\t\t\r\n\t\t\t\t\t\t\t\t\t<\/p>\r\n\t\t\t<\/div>\r\n\t\t\t\t\t\r\n\t\t<\/div>\r\n\t<\/div>\r\n\t\t\r\n\t\t\t\t\t\t\t\t\t\t\t\t\t\t\t\t\t\t<\/div>\t\r\n\t\t\t\t\t<div class=\"row mt-1 post-pagination\">\r\n\t\t\t\t\t\t<div class=\"col-lg-12 text-center ep-list-style\">\r\n\t\t\t\t\t\t\t\t\t\t\t\t\t<\/div>\r\n\t\t\t\t\t<\/div>\r\n\t\t\t\t<\/div>\r\n\t\t\t\t<div class=\"col-md-6 col-lg-6 col-sm-12\" id=\"archivemap\">\r\n\t\t\t\t\t<div id=\"map\" class=\"map50\"><\/div>\r\n<script type='text\/javascript' src='https:\/\/maps.googleapis.com\/maps\/api\/js?libraries=places&key=AIzaSyDCouFfiBK0KmzZqpDQPuAHZhW-EGgxC0c&callback=listinghub_initialize'><\/script>\r\n\r\n \t\t\t\t<\/div>\r\n\t\t\t<\/div>\r\n\t\t<\/div>\r\n\t<\/section>\r\n\t<!-- end of arhiece page -->\r\n<\/div>\r\n\r\n<!-- end of bootstrap wrapper -->","protected":false},"excerpt":{"rendered":"Cl. 15 # 16-60, Centro-Sur, Duitama, Boyac\u00e1, Colombia","protected":false},"author":7,"featured_media":0,"parent":0,"menu_order":0,"comment_status":"closed","ping_status":"closed","template":"","meta":{"content-type":"","footnotes":""},"class_list":["post-68152","page","type-page","status-publish","hentry"],"_links":{"self":[{"href":"https:\/\/oroexpress.com.co\/es\/wp-json\/wp\/v2\/pages\/68152","targetHints":{"allow":["GET"]}}],"collection":[{"href":"https:\/\/oroexpress.com.co\/es\/wp-json\/wp\/v2\/pages"}],"about":[{"href":"https:\/\/oroexpress.com.co\/es\/wp-json\/wp\/v2\/types\/page"}],"author":[{"embeddable":true,"href":"https:\/\/oroexpress.com.co\/es\/wp-json\/wp\/v2\/users\/7"}],"replies":[{"embeddable":true,"href":"https:\/\/oroexpress.com.co\/es\/wp-json\/wp\/v2\/comments?post=68152"}],"version-history":[{"count":0,"href":"https:\/\/oroexpress.com.co\/es\/wp-json\/wp\/v2\/pages\/68152\/revisions"}],"wp:attachment":[{"href":"https:\/\/oroexpress.com.co\/es\/wp-json\/wp\/v2\/media?parent=68152"}],"curies":[{"name":"wp","href":"https:\/\/api.w.org\/{rel}","templated":true}]}}