{"id":43915,"date":"2023-05-12T14:09:32","date_gmt":"2023-05-12T14:09:32","guid":{"rendered":"https:\/\/oroexpress.com.co?post_type=product&#038;p=43915"},"modified":"2026-03-18T09:45:41","modified_gmt":"2026-03-18T14:45:41","slug":"moneda-colombiana-de-oro-denominacion-5-pesos-ano-1919-ley-916","status":"publish","type":"product","link":"https:\/\/oroexpress.com.co\/es\/shop\/especiales\/monedas-de-inversion\/moneda-colombiana-de-oro-denominacion-5-pesos-ano-1919-ley-916","title":{"rendered":"Moneda Colombiana De Oro Denominaci\u00f3n 5 Pesos A\u00f1o 1919 Ley 916"},"content":{"rendered":"<p>Moneda Colombiana De Oro Denominaci\u00f3n 5 Pesos A\u00f1o 1919 Ley 916 Ancho 2,2Cm<\/p>","protected":false},"excerpt":{"rendered":"<p>Moneda Colombiana De Oro Denominaci\u00f3n 5 Pesos A\u00f1o 1919 Ley 916 Ancho 2,2Cm<\/p>","protected":false},"featured_media":43945,"template":"","meta":{"content-type":""},"product_brand":[],"product_cat":[3566,2939],"product_tag":[2412],"class_list":{"0":"post-43915","1":"product","2":"type-product","3":"status-publish","4":"has-post-thumbnail","6":"product_cat-monedas-de-inversion","7":"product_cat-monedas-inversion","8":"product_tag-medellin","10":"first","11":"outofstock","12":"taxable","13":"shipping-taxable","14":"purchasable","15":"product-type-simple"},"_links":{"self":[{"href":"https:\/\/oroexpress.com.co\/es\/wp-json\/wp\/v2\/product\/43915","targetHints":{"allow":["GET"]}}],"collection":[{"href":"https:\/\/oroexpress.com.co\/es\/wp-json\/wp\/v2\/product"}],"about":[{"href":"https:\/\/oroexpress.com.co\/es\/wp-json\/wp\/v2\/types\/product"}],"wp:featuredmedia":[{"embeddable":true,"href":"https:\/\/oroexpress.com.co\/es\/wp-json\/wp\/v2\/media\/43945"}],"wp:attachment":[{"href":"https:\/\/oroexpress.com.co\/es\/wp-json\/wp\/v2\/media?parent=43915"}],"wp:term":[{"taxonomy":"product_brand","embeddable":true,"href":"https:\/\/oroexpress.com.co\/es\/wp-json\/wp\/v2\/product_brand?post=43915"},{"taxonomy":"product_cat","embeddable":true,"href":"https:\/\/oroexpress.com.co\/es\/wp-json\/wp\/v2\/product_cat?post=43915"},{"taxonomy":"product_tag","embeddable":true,"href":"https:\/\/oroexpress.com.co\/es\/wp-json\/wp\/v2\/product_tag?post=43915"}],"curies":[{"name":"wp","href":"https:\/\/api.w.org\/{rel}","templated":true}]}}