{"id":43917,"date":"2023-05-12T14:09:32","date_gmt":"2023-05-12T14:09:32","guid":{"rendered":"https:\/\/oroexpress.com.co?post_type=product&#038;p=43917"},"modified":"2026-04-15T12:41:28","modified_gmt":"2026-04-15T17:41:28","slug":"moneda-de-oro-denominacion-200-pesos-juegos-panamericanos-ano-1971-cali-ley-900","status":"publish","type":"product","link":"https:\/\/oroexpress.com.co\/es\/shop\/inversion\/monedas-inversion\/moneda-de-oro-denominacion-200-pesos-juegos-panamericanos-ano-1971-cali-ley-900","title":{"rendered":"Moneda De Oro Denominaci\u00f3n 200 Pesos Juegos Panamericanos A\u00f1o 1971 Cali Ley 900"},"content":{"rendered":"<p>Moneda De Oro Denominaci\u00f3n 200 Pesos Juegos Panamericanos A\u00f1o 1971 Cali Ley 900 Ancho 2,4Cm<\/p>","protected":false},"excerpt":{"rendered":"<p>Moneda De Oro Denominaci\u00f3n 200 Pesos Juegos Panamericanos A\u00f1o 1971 Cali Ley 900 Ancho 2,4Cm<\/p>","protected":false},"featured_media":43947,"template":"","meta":{"content-type":""},"product_brand":[],"product_cat":[2939],"product_tag":[2412],"class_list":{"0":"post-43917","1":"product","2":"type-product","3":"status-publish","4":"has-post-thumbnail","6":"product_cat-monedas-inversion","7":"product_tag-medellin","9":"first","10":"instock","11":"taxable","12":"shipping-taxable","13":"purchasable","14":"product-type-simple"},"_links":{"self":[{"href":"https:\/\/oroexpress.com.co\/es\/wp-json\/wp\/v2\/product\/43917","targetHints":{"allow":["GET"]}}],"collection":[{"href":"https:\/\/oroexpress.com.co\/es\/wp-json\/wp\/v2\/product"}],"about":[{"href":"https:\/\/oroexpress.com.co\/es\/wp-json\/wp\/v2\/types\/product"}],"wp:featuredmedia":[{"embeddable":true,"href":"https:\/\/oroexpress.com.co\/es\/wp-json\/wp\/v2\/media\/43947"}],"wp:attachment":[{"href":"https:\/\/oroexpress.com.co\/es\/wp-json\/wp\/v2\/media?parent=43917"}],"wp:term":[{"taxonomy":"product_brand","embeddable":true,"href":"https:\/\/oroexpress.com.co\/es\/wp-json\/wp\/v2\/product_brand?post=43917"},{"taxonomy":"product_cat","embeddable":true,"href":"https:\/\/oroexpress.com.co\/es\/wp-json\/wp\/v2\/product_cat?post=43917"},{"taxonomy":"product_tag","embeddable":true,"href":"https:\/\/oroexpress.com.co\/es\/wp-json\/wp\/v2\/product_tag?post=43917"}],"curies":[{"name":"wp","href":"https:\/\/api.w.org\/{rel}","templated":true}]}}