{"id":45258,"date":"2023-05-26T21:08:27","date_gmt":"2023-05-26T21:08:27","guid":{"rendered":"https:\/\/oroexpress.com.coproducto\/cadena-oro-18k-50cm-de-largo-con-dije-letra-k\/"},"modified":"2026-04-01T16:09:00","modified_gmt":"2026-04-01T21:09:00","slug":"cadena-oro-18k-50cm-de-largo-con-dije-letra-k","status":"publish","type":"product","link":"https:\/\/oroexpress.com.co\/es\/shop\/cadenas\/cadenas-para-mujer\/cadena-oro-18k-50cm-de-largo-con-dije-letra-k","title":{"rendered":"La Cadena De Oro Con Dije Letra Es Una Joya Personalizada Y Elegante. Brind\u00e1ndote La Oportunidad De Expresar Tu Autenticidad De Forma \u00danica."},"content":{"rendered":"<p>La Cadena De Oro Con Dije Letra Es Una Joya Personalizada Y Elegante. Brind\u00e1ndote La Oportunidad De Expresar Tu Autenticidad De Forma \u00danica.<\/p>","protected":false},"excerpt":{"rendered":"<p>La Cadena De Oro Con Dije Letra Es Una Joya Personalizada Y Elegante. Brind\u00e1ndote La Oportunidad De Expresar Tu Autenticidad<\/p>","protected":false},"featured_media":45257,"template":"","meta":[],"product_brand":[],"product_cat":[2411],"product_tag":[2412],"class_list":{"0":"post-45258","1":"product","2":"type-product","3":"status-publish","4":"has-post-thumbnail","6":"product_cat-cadenas-para-mujer","7":"product_tag-medellin","9":"first","10":"instock","11":"sale","12":"taxable","13":"shipping-taxable","14":"purchasable","15":"product-type-simple"},"_links":{"self":[{"href":"https:\/\/oroexpress.com.co\/es\/wp-json\/wp\/v2\/product\/45258","targetHints":{"allow":["GET"]}}],"collection":[{"href":"https:\/\/oroexpress.com.co\/es\/wp-json\/wp\/v2\/product"}],"about":[{"href":"https:\/\/oroexpress.com.co\/es\/wp-json\/wp\/v2\/types\/product"}],"wp:featuredmedia":[{"embeddable":true,"href":"https:\/\/oroexpress.com.co\/es\/wp-json\/wp\/v2\/media\/45257"}],"wp:attachment":[{"href":"https:\/\/oroexpress.com.co\/es\/wp-json\/wp\/v2\/media?parent=45258"}],"wp:term":[{"taxonomy":"product_brand","embeddable":true,"href":"https:\/\/oroexpress.com.co\/es\/wp-json\/wp\/v2\/product_brand?post=45258"},{"taxonomy":"product_cat","embeddable":true,"href":"https:\/\/oroexpress.com.co\/es\/wp-json\/wp\/v2\/product_cat?post=45258"},{"taxonomy":"product_tag","embeddable":true,"href":"https:\/\/oroexpress.com.co\/es\/wp-json\/wp\/v2\/product_tag?post=45258"}],"curies":[{"name":"wp","href":"https:\/\/api.w.org\/{rel}","templated":true}]}}