{"id":55386,"date":"2024-04-08T20:27:12","date_gmt":"2024-04-08T20:27:12","guid":{"rendered":"https:\/\/oroexpress.com.coproducto\/pulsera-oro-18k-con-delfin\/"},"modified":"2026-04-01T16:10:25","modified_gmt":"2026-04-01T21:10:25","slug":"pulsera-oro-18k-con-delfin","status":"publish","type":"product","link":"https:\/\/oroexpress.com.co\/es\/shop\/pulseras\/pulseras-para-mujer\/pulsera-oro-18k-con-delfin","title":{"rendered":"Pulsera De Oro 18K Delf\u00edn Para Beb\u00e9"},"content":{"rendered":"<p>Pulsera Tejido Eslab\u00f3n Invertido 1Mm Delf\u00edn Con Coraz\u00f3n Oro Blanco Diamantado 6Mm, 14Cm De Larga<\/p>","protected":false},"excerpt":{"rendered":"<p>Pulsera Tejido Eslab\u00f3n Invertido 1Mm Delf\u00edn Con Coraz\u00f3n Oro Blanco Diamantado 6Mm, 14Cm De Larga<\/p>","protected":false},"featured_media":55385,"template":"","meta":{"content-type":""},"product_brand":[],"product_cat":[2575],"product_tag":[2412],"class_list":{"0":"post-55386","1":"product","2":"type-product","3":"status-publish","4":"has-post-thumbnail","6":"product_cat-pulseras-para-mujer","7":"product_tag-medellin","9":"first","10":"instock","11":"sale","12":"taxable","13":"shipping-taxable","14":"purchasable","15":"product-type-simple"},"_links":{"self":[{"href":"https:\/\/oroexpress.com.co\/es\/wp-json\/wp\/v2\/product\/55386","targetHints":{"allow":["GET"]}}],"collection":[{"href":"https:\/\/oroexpress.com.co\/es\/wp-json\/wp\/v2\/product"}],"about":[{"href":"https:\/\/oroexpress.com.co\/es\/wp-json\/wp\/v2\/types\/product"}],"wp:featuredmedia":[{"embeddable":true,"href":"https:\/\/oroexpress.com.co\/es\/wp-json\/wp\/v2\/media\/55385"}],"wp:attachment":[{"href":"https:\/\/oroexpress.com.co\/es\/wp-json\/wp\/v2\/media?parent=55386"}],"wp:term":[{"taxonomy":"product_brand","embeddable":true,"href":"https:\/\/oroexpress.com.co\/es\/wp-json\/wp\/v2\/product_brand?post=55386"},{"taxonomy":"product_cat","embeddable":true,"href":"https:\/\/oroexpress.com.co\/es\/wp-json\/wp\/v2\/product_cat?post=55386"},{"taxonomy":"product_tag","embeddable":true,"href":"https:\/\/oroexpress.com.co\/es\/wp-json\/wp\/v2\/product_tag?post=55386"}],"curies":[{"name":"wp","href":"https:\/\/api.w.org\/{rel}","templated":true}]}}