{"id":55389,"date":"2024-04-08T20:27:15","date_gmt":"2024-04-08T20:27:15","guid":{"rendered":"https:\/\/oroexpress.com.coproducto\/pulsera-oro-18k-con-dije-colibri\/"},"modified":"2026-04-03T00:15:03","modified_gmt":"2026-04-03T05:15:03","slug":"pulsera-oro-18k-con-dije-colibri","status":"publish","type":"product","link":"https:\/\/oroexpress.com.co\/es\/shop\/pulseras\/pulseras-para-bebe\/pulsera-oro-18k-con-dije-colibri","title":{"rendered":"Pulsera De Oro 18K Colibr\u00ed Para Beb\u00e9"},"content":{"rendered":"<p>Pulsera Tejido Eslab\u00f3n Invertido 2Mm Con Dije Colibr\u00ed Ancho 7Mm, Alto 6Mm, 14Cm De Larga<\/p>","protected":false},"excerpt":{"rendered":"<p>Pulsera Tejido Eslab\u00f3n Invertido 2Mm Con Dije Colibr\u00ed Ancho 7Mm, Alto 6Mm, 14Cm De Larga<\/p>","protected":false},"featured_media":55388,"template":"","meta":{"content-type":""},"product_brand":[],"product_cat":[2415],"product_tag":[2412],"class_list":{"0":"post-55389","1":"product","2":"type-product","3":"status-publish","4":"has-post-thumbnail","6":"product_cat-pulseras-para-bebe","7":"product_tag-medellin","9":"first","10":"instock","11":"sale","12":"taxable","13":"shipping-taxable","14":"purchasable","15":"product-type-simple"},"_links":{"self":[{"href":"https:\/\/oroexpress.com.co\/es\/wp-json\/wp\/v2\/product\/55389","targetHints":{"allow":["GET"]}}],"collection":[{"href":"https:\/\/oroexpress.com.co\/es\/wp-json\/wp\/v2\/product"}],"about":[{"href":"https:\/\/oroexpress.com.co\/es\/wp-json\/wp\/v2\/types\/product"}],"wp:featuredmedia":[{"embeddable":true,"href":"https:\/\/oroexpress.com.co\/es\/wp-json\/wp\/v2\/media\/55388"}],"wp:attachment":[{"href":"https:\/\/oroexpress.com.co\/es\/wp-json\/wp\/v2\/media?parent=55389"}],"wp:term":[{"taxonomy":"product_brand","embeddable":true,"href":"https:\/\/oroexpress.com.co\/es\/wp-json\/wp\/v2\/product_brand?post=55389"},{"taxonomy":"product_cat","embeddable":true,"href":"https:\/\/oroexpress.com.co\/es\/wp-json\/wp\/v2\/product_cat?post=55389"},{"taxonomy":"product_tag","embeddable":true,"href":"https:\/\/oroexpress.com.co\/es\/wp-json\/wp\/v2\/product_tag?post=55389"}],"curies":[{"name":"wp","href":"https:\/\/api.w.org\/{rel}","templated":true}]}}