{"id":55431,"date":"2024-04-08T20:27:58","date_gmt":"2024-04-08T20:27:58","guid":{"rendered":"https:\/\/oroexpress.com.coproducto\/pulsera-oro-18k-entrelazada-con-dije-corazon\/"},"modified":"2026-04-01T16:10:31","modified_gmt":"2026-04-01T21:10:31","slug":"pulsera-oro-18k-entrelazada-con-dije-corazon","status":"publish","type":"product","link":"https:\/\/oroexpress.com.co\/es\/shop\/pulseras\/pulseras-para-mujer\/pulsera-oro-18k-entrelazada-con-dije-corazon","title":{"rendered":"Pulsera De Oro 18K Con Dije Coraz\u00f3n"},"content":{"rendered":"<p>Pulsera Corrediza Tejido Cola De Rat\u00f3n 2Mm Con Dije Coraz\u00f3n Diamantado Ancho 1,4Cm, Alto 1,1Cm<\/p>","protected":false},"excerpt":{"rendered":"<p>Pulsera Corrediza Tejido Cola De Rat\u00f3n 2Mm Con Dije Coraz\u00f3n Diamantado Ancho 1,4Cm, Alto 1,1Cm<\/p>","protected":false},"featured_media":55430,"template":"","meta":{"content-type":""},"product_brand":[],"product_cat":[2575],"product_tag":[2412],"class_list":{"0":"post-55431","1":"product","2":"type-product","3":"status-publish","4":"has-post-thumbnail","6":"product_cat-pulseras-para-mujer","7":"product_tag-medellin","9":"first","10":"instock","11":"sale","12":"taxable","13":"shipping-taxable","14":"purchasable","15":"product-type-simple"},"_links":{"self":[{"href":"https:\/\/oroexpress.com.co\/es\/wp-json\/wp\/v2\/product\/55431","targetHints":{"allow":["GET"]}}],"collection":[{"href":"https:\/\/oroexpress.com.co\/es\/wp-json\/wp\/v2\/product"}],"about":[{"href":"https:\/\/oroexpress.com.co\/es\/wp-json\/wp\/v2\/types\/product"}],"wp:featuredmedia":[{"embeddable":true,"href":"https:\/\/oroexpress.com.co\/es\/wp-json\/wp\/v2\/media\/55430"}],"wp:attachment":[{"href":"https:\/\/oroexpress.com.co\/es\/wp-json\/wp\/v2\/media?parent=55431"}],"wp:term":[{"taxonomy":"product_brand","embeddable":true,"href":"https:\/\/oroexpress.com.co\/es\/wp-json\/wp\/v2\/product_brand?post=55431"},{"taxonomy":"product_cat","embeddable":true,"href":"https:\/\/oroexpress.com.co\/es\/wp-json\/wp\/v2\/product_cat?post=55431"},{"taxonomy":"product_tag","embeddable":true,"href":"https:\/\/oroexpress.com.co\/es\/wp-json\/wp\/v2\/product_tag?post=55431"}],"curies":[{"name":"wp","href":"https:\/\/api.w.org\/{rel}","templated":true}]}}