{"id":68261,"date":"2026-03-19T11:31:17","date_gmt":"2026-03-19T16:31:17","guid":{"rendered":"https:\/\/oroexpress.com.co\/shop\/uncategorized\/cadena-de-oro-18k-singapur-45cm-largo"},"modified":"2026-04-30T12:09:59","modified_gmt":"2026-04-30T17:09:59","slug":"cadena-de-oro-18k-singapur-45cm-largo","status":"publish","type":"product","link":"https:\/\/oroexpress.com.co\/es\/shop\/cadenas\/cadenas-para-mujer\/cadena-de-oro-18k-singapur-45cm-largo","title":{"rendered":"Cadena De Oro 18k Singapur 45cm largo"},"content":{"rendered":"<h2>Cadena de Oro 18K Singapur 45cm | Joyer\u00eda Fina<\/h2>\n<p>Elegante <strong>cadena de oro 18K tipo Singapur de 45 cm<\/strong>, reconocida por su dise\u00f1o brillante y trenzado que refleja la luz de forma \u00fanica. Ideal para uso diario o para acompa\u00f1ar dijes finos.<\/p>","protected":false},"excerpt":{"rendered":"<p>Cadena de Oro 18K Singapur 45cm | Joyer\u00eda Fina Elegante cadena de oro 18K tipo Singapur de 45 cm, reconocida<\/p>","protected":false},"featured_media":68260,"template":"","meta":{"content-type":""},"product_brand":[],"product_cat":[2411],"product_tag":[2412],"class_list":{"0":"post-68261","1":"product","2":"type-product","3":"status-publish","4":"has-post-thumbnail","6":"product_cat-cadenas-para-mujer","7":"product_tag-medellin","9":"first","10":"instock","11":"sale","12":"taxable","13":"shipping-taxable","14":"purchasable","15":"product-type-simple"},"_links":{"self":[{"href":"https:\/\/oroexpress.com.co\/es\/wp-json\/wp\/v2\/product\/68261","targetHints":{"allow":["GET"]}}],"collection":[{"href":"https:\/\/oroexpress.com.co\/es\/wp-json\/wp\/v2\/product"}],"about":[{"href":"https:\/\/oroexpress.com.co\/es\/wp-json\/wp\/v2\/types\/product"}],"wp:featuredmedia":[{"embeddable":true,"href":"https:\/\/oroexpress.com.co\/es\/wp-json\/wp\/v2\/media\/68260"}],"wp:attachment":[{"href":"https:\/\/oroexpress.com.co\/es\/wp-json\/wp\/v2\/media?parent=68261"}],"wp:term":[{"taxonomy":"product_brand","embeddable":true,"href":"https:\/\/oroexpress.com.co\/es\/wp-json\/wp\/v2\/product_brand?post=68261"},{"taxonomy":"product_cat","embeddable":true,"href":"https:\/\/oroexpress.com.co\/es\/wp-json\/wp\/v2\/product_cat?post=68261"},{"taxonomy":"product_tag","embeddable":true,"href":"https:\/\/oroexpress.com.co\/es\/wp-json\/wp\/v2\/product_tag?post=68261"}],"curies":[{"name":"wp","href":"https:\/\/api.w.org\/{rel}","templated":true}]}}