{"id":68274,"date":"2026-03-19T13:41:11","date_gmt":"2026-03-19T18:41:11","guid":{"rendered":"https:\/\/oroexpress.com.co\/shop\/uncategorized\/topos-de-oro-18k-virgen-milagrosa"},"modified":"2026-04-30T12:10:00","modified_gmt":"2026-04-30T17:10:00","slug":"topos-de-oro-18k-virgen-milagrosa","status":"publish","type":"product","link":"https:\/\/oroexpress.com.co\/es\/shop\/aretes\/topos-aretes\/topos-de-oro-18k-virgen-milagrosa","title":{"rendered":"Topos De Oro 18k Virgen Milagrosa"},"content":{"rendered":"<h2>Topos de Oro 18K Virgen Milagrosa | Joyer\u00eda Religiosa<\/h2>\n<p>Hermosos <strong>topos de oro 18K Virgen Milagrosa<\/strong>, s\u00edmbolo de fe, protecci\u00f3n y devoci\u00f3n. Su dise\u00f1o detallado y elegante los convierte en una pieza especial para uso diario o regalo significativo.<\/p>","protected":false},"excerpt":{"rendered":"<p>Topos de Oro 18K Virgen Milagrosa | Joyer\u00eda Religiosa Hermosos topos de oro 18K Virgen Milagrosa, s\u00edmbolo de fe, protecci\u00f3n<\/p>","protected":false},"featured_media":68273,"template":"","meta":{"content-type":""},"product_brand":[],"product_cat":[2936],"product_tag":[2412],"class_list":{"0":"post-68274","1":"product","2":"type-product","3":"status-publish","4":"has-post-thumbnail","6":"product_cat-topos-aretes","7":"product_tag-medellin","9":"first","10":"instock","11":"sale","12":"taxable","13":"shipping-taxable","14":"purchasable","15":"product-type-simple"},"_links":{"self":[{"href":"https:\/\/oroexpress.com.co\/es\/wp-json\/wp\/v2\/product\/68274","targetHints":{"allow":["GET"]}}],"collection":[{"href":"https:\/\/oroexpress.com.co\/es\/wp-json\/wp\/v2\/product"}],"about":[{"href":"https:\/\/oroexpress.com.co\/es\/wp-json\/wp\/v2\/types\/product"}],"wp:featuredmedia":[{"embeddable":true,"href":"https:\/\/oroexpress.com.co\/es\/wp-json\/wp\/v2\/media\/68273"}],"wp:attachment":[{"href":"https:\/\/oroexpress.com.co\/es\/wp-json\/wp\/v2\/media?parent=68274"}],"wp:term":[{"taxonomy":"product_brand","embeddable":true,"href":"https:\/\/oroexpress.com.co\/es\/wp-json\/wp\/v2\/product_brand?post=68274"},{"taxonomy":"product_cat","embeddable":true,"href":"https:\/\/oroexpress.com.co\/es\/wp-json\/wp\/v2\/product_cat?post=68274"},{"taxonomy":"product_tag","embeddable":true,"href":"https:\/\/oroexpress.com.co\/es\/wp-json\/wp\/v2\/product_tag?post=68274"}],"curies":[{"name":"wp","href":"https:\/\/api.w.org\/{rel}","templated":true}]}}