{"id":68278,"date":"2026-03-19T13:41:16","date_gmt":"2026-03-19T18:41:16","guid":{"rendered":"https:\/\/oroexpress.com.co\/shop\/uncategorized\/topos-de-oro-18k-trebol"},"modified":"2026-04-30T12:10:04","modified_gmt":"2026-04-30T17:10:04","slug":"topos-de-oro-18k-trebol","status":"publish","type":"product","link":"https:\/\/oroexpress.com.co\/es\/shop\/aretes\/topos-aretes\/topos-de-oro-18k-trebol","title":{"rendered":"Topos De Oro 18k Tr\u00e9bol"},"content":{"rendered":"<h2>Topos de Oro 18K Tr\u00e9bol | Aretes de Buena Suerte<\/h2>\n<p>Elegantes <strong>topos de oro 18K en forma de tr\u00e9bol<\/strong>, s\u00edmbolo de suerte y prosperidad. Su dise\u00f1o delicado y acabado brillante los hace ideales para cualquier ocasi\u00f3n.<\/p>","protected":false},"excerpt":{"rendered":"<p>Topos de Oro 18K Tr\u00e9bol | Aretes de Buena Suerte Elegantes topos de oro 18K en forma de tr\u00e9bol, s\u00edmbolo<\/p>","protected":false},"featured_media":68277,"template":"","meta":{"content-type":""},"product_brand":[],"product_cat":[2936],"product_tag":[2412],"class_list":{"0":"post-68278","1":"product","2":"type-product","3":"status-publish","4":"has-post-thumbnail","6":"product_cat-topos-aretes","7":"product_tag-medellin","9":"first","10":"instock","11":"sale","12":"taxable","13":"shipping-taxable","14":"purchasable","15":"product-type-simple"},"_links":{"self":[{"href":"https:\/\/oroexpress.com.co\/es\/wp-json\/wp\/v2\/product\/68278","targetHints":{"allow":["GET"]}}],"collection":[{"href":"https:\/\/oroexpress.com.co\/es\/wp-json\/wp\/v2\/product"}],"about":[{"href":"https:\/\/oroexpress.com.co\/es\/wp-json\/wp\/v2\/types\/product"}],"wp:featuredmedia":[{"embeddable":true,"href":"https:\/\/oroexpress.com.co\/es\/wp-json\/wp\/v2\/media\/68277"}],"wp:attachment":[{"href":"https:\/\/oroexpress.com.co\/es\/wp-json\/wp\/v2\/media?parent=68278"}],"wp:term":[{"taxonomy":"product_brand","embeddable":true,"href":"https:\/\/oroexpress.com.co\/es\/wp-json\/wp\/v2\/product_brand?post=68278"},{"taxonomy":"product_cat","embeddable":true,"href":"https:\/\/oroexpress.com.co\/es\/wp-json\/wp\/v2\/product_cat?post=68278"},{"taxonomy":"product_tag","embeddable":true,"href":"https:\/\/oroexpress.com.co\/es\/wp-json\/wp\/v2\/product_tag?post=68278"}],"curies":[{"name":"wp","href":"https:\/\/api.w.org\/{rel}","templated":true}]}}