{"id":68772,"date":"2026-04-09T13:48:32","date_gmt":"2026-04-09T18:48:32","guid":{"rendered":"https:\/\/oroexpress.com.co\/shop\/uncategorized\/topos-de-oro-18k-avion-con-broche-de-seguridad"},"modified":"2026-04-09T13:51:23","modified_gmt":"2026-04-09T18:51:23","slug":"topos-de-oro-18k-avion-con-broche-de-seguridad","status":"publish","type":"product","link":"https:\/\/oroexpress.com.co\/es\/shop\/aretes\/topos-aretes\/topos-de-oro-18k-avion-con-broche-de-seguridad","title":{"rendered":"Topos De Oro 18k Avi\u00f3n Con Broche De Seguridad"},"content":{"rendered":"<h2>Topos De Oro 18k Avi\u00f3n Con Broche De Seguridad<\/h2>\n<p>Delicados <strong>topos en oro de 18k<\/strong> con dise\u00f1o de avi\u00f3n, ideales para quienes aman viajar o buscan un detalle \u00fanico y moderno. Incluyen broche de seguridad para mayor comodidad.<\/p>","protected":false},"excerpt":{"rendered":"<p>visible<\/p>","protected":false},"featured_media":68733,"template":"","meta":{"content-type":""},"product_brand":[],"product_cat":[2936],"product_tag":[3620,3619,3606,3618],"class_list":{"0":"post-68772","1":"product","2":"type-product","3":"status-publish","4":"has-post-thumbnail","6":"product_cat-topos-aretes","7":"product_tag-18k","8":"product_tag-de","9":"product_tag-oro","10":"product_tag-topos","12":"first","13":"instock","14":"sale","15":"taxable","16":"shipping-taxable","17":"purchasable","18":"product-type-simple"},"_links":{"self":[{"href":"https:\/\/oroexpress.com.co\/es\/wp-json\/wp\/v2\/product\/68772","targetHints":{"allow":["GET"]}}],"collection":[{"href":"https:\/\/oroexpress.com.co\/es\/wp-json\/wp\/v2\/product"}],"about":[{"href":"https:\/\/oroexpress.com.co\/es\/wp-json\/wp\/v2\/types\/product"}],"wp:featuredmedia":[{"embeddable":true,"href":"https:\/\/oroexpress.com.co\/es\/wp-json\/wp\/v2\/media\/68733"}],"wp:attachment":[{"href":"https:\/\/oroexpress.com.co\/es\/wp-json\/wp\/v2\/media?parent=68772"}],"wp:term":[{"taxonomy":"product_brand","embeddable":true,"href":"https:\/\/oroexpress.com.co\/es\/wp-json\/wp\/v2\/product_brand?post=68772"},{"taxonomy":"product_cat","embeddable":true,"href":"https:\/\/oroexpress.com.co\/es\/wp-json\/wp\/v2\/product_cat?post=68772"},{"taxonomy":"product_tag","embeddable":true,"href":"https:\/\/oroexpress.com.co\/es\/wp-json\/wp\/v2\/product_tag?post=68772"}],"curies":[{"name":"wp","href":"https:\/\/api.w.org\/{rel}","templated":true}]}}